{"id":219,"date":"2021-03-07T23:30:17","date_gmt":"2021-03-07T22:30:17","guid":{"rendered":"https:\/\/www.ff-rappoltenkirchen.at\/?page_id=219"},"modified":"2023-12-22T19:29:08","modified_gmt":"2023-12-22T18:29:08","slug":"information-feuerwehrjugend","status":"publish","type":"page","link":"https:\/\/www.ff-rappoltenkirchen.at\/?page_id=219","title":{"rendered":"Information Feuerwehrjugend"},"content":{"rendered":"\n<figure class=\"wp-block-image size-large is-resized\"><img decoding=\"async\" width=\"960\" height=\"505\" data-src=\"https:\/\/www.ff-rappoltenkirchen.at\/wp-content\/uploads\/2021\/03\/cartoon-1980672_960_720.png\" alt=\"\" class=\"wp-image-1067 lazyload\" style=\"--smush-placeholder-width: 960px; --smush-placeholder-aspect-ratio: 960\/505;width:331px;height:187px\" data-srcset=\"https:\/\/www.ff-rappoltenkirchen.at\/wp-content\/uploads\/2021\/03\/cartoon-1980672_960_720.png 960w, https:\/\/www.ff-rappoltenkirchen.at\/wp-content\/uploads\/2021\/03\/cartoon-1980672_960_720-300x158.png 300w, https:\/\/www.ff-rappoltenkirchen.at\/wp-content\/uploads\/2021\/03\/cartoon-1980672_960_720-768x404.png 768w\" data-sizes=\"(max-width: 960px) 100vw, 960px\" src=\"data:image\/svg+xml;base64,PHN2ZyB3aWR0aD0iMSIgaGVpZ2h0PSIxIiB4bWxucz0iaHR0cDovL3d3dy53My5vcmcvMjAwMC9zdmciPjwvc3ZnPg==\" \/><\/figure>\n\n\n\n<p>Die Mitgliedschaft in der Feuerwehrjugend stellt eine sinnvolle und aufregende Freizeitgestaltung dar und sichert den Nachwuchs der freiwilligen Helfer der nieder\u00f6sterreichischen Freiwilligen Feuerwehren.<\/p>\n\n\n\n<p>Mit der Vollendung des zehnten Lebensjahres haben die Jugendlichen die M\u00f6glichkeit der Feuerwehr beizutreten, wo sie zun\u00e4chst in der Feuerwehrjugendgruppe von eigens daf\u00fcr ausgebildeten Feuerwehrjugendf\u00fchrern betreut werden. Im Alter von f\u00fcnfzehn Jahren werden sie dann in den Aktivstand der Freiwilligen Feuerwehr \u00fcberstellt. Erst ab diesem Zeitpunkt d\u00fcrfen sie auch an Eins\u00e4tzen teilnehmen.<\/p>\n\n\n\n<p>In den Feuerwehrjugendgruppen werden die Jugendlichen mit den zuk\u00fcnftigen Aufgaben eines Feuerwehrmannes spielerisch vertraut gemacht.<\/p>\n\n\n\n<p>Ein wichtiger Aspekt bei der Feuerwehrjugend ist die Vermittlung, wie wichtig gemeinn\u00fctziges Helfen in einer Gesellschaft ist. Dar\u00fcber hinaus wird auch das erfolgreiche Arbeiten im Team bzw. in der Kameradschaft trainiert.<\/p>\n\n\n\n<p>Leider haben nicht alle Freiwilligen Feuerwehren Nieder\u00f6sterreichs eine eigene Feuerwehrjugendgruppe. Jedoch besteht die M\u00f6glichkeit, der Feuerwehrjugendgruppe einer Nachbarfeuerwehr beizutreten.<\/p>\n\n\n\n<p>F\u00fcr weitere Informationen fragen Sie beim Kommandanten ihrer Feuerwehr nach oder beim Jugendbetreuer &#8211; wir helfen ihnen gern weiter.<\/p>\n\n\n<div class=\"wp-block-image wp-duotone-unset-1\">\n<figure class=\"alignleft size-full is-resized\"><img decoding=\"async\" width=\"692\" height=\"830\" data-src=\"https:\/\/www.ff-rappoltenkirchen.at\/wp-content\/uploads\/2023\/12\/Corvin.png\" alt=\"\" class=\"wp-image-4593 lazyload\" style=\"--smush-placeholder-width: 692px; --smush-placeholder-aspect-ratio: 692\/830;width:274px;height:auto\" data-srcset=\"https:\/\/www.ff-rappoltenkirchen.at\/wp-content\/uploads\/2023\/12\/Corvin.png 692w, https:\/\/www.ff-rappoltenkirchen.at\/wp-content\/uploads\/2023\/12\/Corvin-250x300.png 250w\" data-sizes=\"(max-width: 692px) 100vw, 692px\" src=\"data:image\/svg+xml;base64,PHN2ZyB3aWR0aD0iMSIgaGVpZ2h0PSIxIiB4bWxucz0iaHR0cDovL3d3dy53My5vcmcvMjAwMC9zdmciPjwvc3ZnPg==\" \/><figcaption class=\"wp-element-caption\">                       <strong>SB Corvin Kopf<\/strong><\/figcaption><\/figure>\n<\/div>\n\n\n<div style=\"height:20px\" aria-hidden=\"true\" class=\"wp-block-spacer\"><\/div>\n\n\n\n<p class=\"has-text-align-center\" style=\"font-size:34px\">Sie haben\u00a0<strong>offene Fragen<\/strong>?<\/p>\n\n\n\n<p class=\"has-text-align-center\">KONTAKTIEREN SIE UNS<\/p>\n\n\n\n<div class=\"wp-block-buttons is-content-justification-center is-layout-flex wp-container-core-buttons-is-layout-16018d1d wp-block-buttons-is-layout-flex\">\n<div class=\"wp-block-button is-style-outline is-style-outline--2\"><a class=\"wp-block-button__link has-black-color has-text-color wp-element-button\" href=\"mailto:corvin.kopf@feuerwehr.gv.at\" style=\"border-radius:50px\" target=\"_blank\" rel=\"noreferrer noopener\">e-mail<\/a><\/div>\n<\/div>\n","protected":false},"excerpt":{"rendered":"<p>Die Mitgliedschaft in der Feuerwehrjugend stellt eine sinnvolle und aufregende Freizeitgestaltung dar und sichert den Nachwuchs der freiwilligen Helfer der nieder\u00f6sterreichischen Freiwilligen Feuerwehren. Mit der Vollendung des zehnten Lebensjahres haben die Jugendlichen die M\u00f6glichkeit&#46;&#46;&#46;<\/p>\n","protected":false},"author":1,"featured_media":0,"parent":0,"menu_order":0,"comment_status":"closed","ping_status":"closed","template":"","meta":{"footnotes":""},"class_list":["post-219","page","type-page","status-publish","hentry"],"_links":{"self":[{"href":"https:\/\/www.ff-rappoltenkirchen.at\/index.php?rest_route=\/wp\/v2\/pages\/219","targetHints":{"allow":["GET"]}}],"collection":[{"href":"https:\/\/www.ff-rappoltenkirchen.at\/index.php?rest_route=\/wp\/v2\/pages"}],"about":[{"href":"https:\/\/www.ff-rappoltenkirchen.at\/index.php?rest_route=\/wp\/v2\/types\/page"}],"author":[{"embeddable":true,"href":"https:\/\/www.ff-rappoltenkirchen.at\/index.php?rest_route=\/wp\/v2\/users\/1"}],"replies":[{"embeddable":true,"href":"https:\/\/www.ff-rappoltenkirchen.at\/index.php?rest_route=%2Fwp%2Fv2%2Fcomments&post=219"}],"version-history":[{"count":28,"href":"https:\/\/www.ff-rappoltenkirchen.at\/index.php?rest_route=\/wp\/v2\/pages\/219\/revisions"}],"predecessor-version":[{"id":4610,"href":"https:\/\/www.ff-rappoltenkirchen.at\/index.php?rest_route=\/wp\/v2\/pages\/219\/revisions\/4610"}],"wp:attachment":[{"href":"https:\/\/www.ff-rappoltenkirchen.at\/index.php?rest_route=%2Fwp%2Fv2%2Fmedia&parent=219"}],"curies":[{"name":"wp","href":"https:\/\/api.w.org\/{rel}","templated":true}]}}