{"id":229,"date":"2021-03-07T23:38:07","date_gmt":"2021-03-07T22:38:07","guid":{"rendered":"https:\/\/www.ff-rappoltenkirchen.at\/?page_id=229"},"modified":"2021-03-07T23:38:08","modified_gmt":"2021-03-07T22:38:08","slug":"verhalten-im-brandfall","status":"publish","type":"page","link":"https:\/\/www.ff-rappoltenkirchen.at\/?page_id=229","title":{"rendered":"Verhalten im Brandfall"},"content":{"rendered":"\n<p><strong>Richtiges Verhalten wenn es brennt<\/strong><\/p>\n\n\n\n<hr class=\"wp-block-separator\"\/>\n\n\n\n<p>Sollten Sie wirklich einmal in diese Situation gelangen, so bewahren Sie in erster Linie Ruhe und einen k\u00fchlen Kopf. Je ruhiger Sie in dieser Situation bleiben, umso leichter wird es Ihnen fallen, sich richtig zu verhalten. Wie verh\u00e4lt man sich nun richtig? Wir unterscheiden hier zwischen 2 Situationen:<\/p>\n\n\n\n<p><strong>1. Sie k\u00f6nnen noch fl\u00fcchten:<\/strong><\/p>\n\n\n\n<p><strong>\u2022&nbsp;<\/strong>Fenster im Brandraum schlie\u00dfen&nbsp;<br><strong>\u2022&nbsp;<\/strong>T\u00fcren hinter sich schlie\u00dfen&nbsp;<br><strong>\u2022&nbsp;<\/strong>Mitbewohner verst\u00e4ndigen&nbsp;<br><strong>\u2022&nbsp;<\/strong>Fenster der Fluchtwege zur Brandrauchentl\u00fcftung \u00f6ffnen&nbsp;<br><strong>\u2022&nbsp;<\/strong>Das Haus geordnet verlassen&nbsp;<br><strong>\u2022&nbsp;<\/strong>Auf keinen Fall einen Aufzug ben\u00fctzen&nbsp;<br><strong>\u2022&nbsp;<\/strong>Vollz\u00e4hligkeit \u00fcberpr\u00fcfen &#8211; Feststellen wer fehlt&nbsp;<br>&nbsp;Notruf (Tel.: 122 &#8211; ohne Vorwahl &#8211; egal ob Festnetz oder Mobiltelefon)&nbsp;<\/p>\n\n\n\n<hr class=\"wp-block-separator\"\/>\n\n\n\n<p>Unmittelbar danach:<\/p>\n\n\n\n<p>Feuerwehr erwarten und einweisen. Besondere Gefahren bekannt geben \u2013 die Feuerwehr braucht Ihre Personen- und Ortskenntnis.<\/p>\n\n\n\n<hr class=\"wp-block-separator\"\/>\n\n\n\n<p><strong>2. Sie wurden vom Brand eingeschlossen:<\/strong><\/p>\n\n\n\n<p><strong>\u2022&nbsp;<\/strong>Vom Brandherd so weit wie m\u00f6glich entfernen&nbsp;<br><strong>\u2022&nbsp;<\/strong>In Bodenn\u00e4he ist die Hitze am geringsten, Sichtweite jedoch am gr\u00f6\u00dften, da der Rauch nach oben steigt&nbsp;<br><strong>\u2022&nbsp;<\/strong>Schlie\u00dfen sie alle T\u00fcren zwischen Ihnen und dem Brandherd&nbsp;<br><strong>\u2022&nbsp;<\/strong>T\u00fcrritzen abdichten (mit nassem Zeitungspapier und\/oder nasser Kleidung bzw. Handtuch)&nbsp;<br><strong>\u2022&nbsp;<\/strong>Erst jetzt Fenster \u00f6ffnen&nbsp;<br><strong>\u2022&nbsp;<\/strong>Sich bemerkbar machen, um Hilfe rufen, winken&nbsp;<\/p>\n\n\n\n<p>Wenn m\u00f6glich Notruf absetzen (Tel.: 122 &#8211; ohne Vorwahl &#8211; egal ob Festnetz oder Mobiltelefon)<\/p>\n","protected":false},"excerpt":{"rendered":"<p>Richtiges Verhalten wenn es brennt Sollten Sie wirklich einmal in diese Situation gelangen, so bewahren Sie in erster Linie Ruhe und einen k\u00fchlen Kopf. Je ruhiger Sie in dieser Situation bleiben, umso leichter wird&#46;&#46;&#46;<\/p>\n","protected":false},"author":1,"featured_media":0,"parent":0,"menu_order":0,"comment_status":"closed","ping_status":"closed","template":"","meta":{"footnotes":""},"class_list":["post-229","page","type-page","status-publish","hentry"],"_links":{"self":[{"href":"https:\/\/www.ff-rappoltenkirchen.at\/index.php?rest_route=\/wp\/v2\/pages\/229","targetHints":{"allow":["GET"]}}],"collection":[{"href":"https:\/\/www.ff-rappoltenkirchen.at\/index.php?rest_route=\/wp\/v2\/pages"}],"about":[{"href":"https:\/\/www.ff-rappoltenkirchen.at\/index.php?rest_route=\/wp\/v2\/types\/page"}],"author":[{"embeddable":true,"href":"https:\/\/www.ff-rappoltenkirchen.at\/index.php?rest_route=\/wp\/v2\/users\/1"}],"replies":[{"embeddable":true,"href":"https:\/\/www.ff-rappoltenkirchen.at\/index.php?rest_route=%2Fwp%2Fv2%2Fcomments&post=229"}],"version-history":[{"count":1,"href":"https:\/\/www.ff-rappoltenkirchen.at\/index.php?rest_route=\/wp\/v2\/pages\/229\/revisions"}],"predecessor-version":[{"id":230,"href":"https:\/\/www.ff-rappoltenkirchen.at\/index.php?rest_route=\/wp\/v2\/pages\/229\/revisions\/230"}],"wp:attachment":[{"href":"https:\/\/www.ff-rappoltenkirchen.at\/index.php?rest_route=%2Fwp%2Fv2%2Fmedia&parent=229"}],"curies":[{"name":"wp","href":"https:\/\/api.w.org\/{rel}","templated":true}]}}