{"id":231,"date":"2021-03-07T23:39:27","date_gmt":"2021-03-07T22:39:27","guid":{"rendered":"https:\/\/www.ff-rappoltenkirchen.at\/?page_id=231"},"modified":"2021-03-07T23:39:27","modified_gmt":"2021-03-07T22:39:27","slug":"sirenensignale","status":"publish","type":"page","link":"https:\/\/www.ff-rappoltenkirchen.at\/?page_id=231","title":{"rendered":"Sirenensignale"},"content":{"rendered":"\n<p>\u00d6sterreich verf\u00fcgt \u00fcber ein fl\u00e4chendeckendes Warn- und Alarmsystem. Mit insgesamt 7000 Sirenen kann die Bev\u00f6lkerung im Katastrophenfall gewarnt und alarmiert werden.\u00a0<br>Um Sie mit diesen Signalen vertraut zu machen und gleichzeitig die Funktion und Reichweite der Sirenen zu testen, wird seit 1998 einmal j\u00e4hrlich ein \u00f6sterreichweiter Zivilschutz-Probealarm durchgef\u00fchrt.<br>Zur Warnung der Bev\u00f6lkerung in Katastrophenf\u00e4llen gelten folgende Sirenensignale:<\/p>\n\n\n\n<figure class=\"wp-block-image size-large is-resized\"><img decoding=\"async\" data-src=\"https:\/\/www.ff-rappoltenkirchen.at\/wp-content\/uploads\/2021\/03\/Sirenensignale.jpg\" alt=\"\" class=\"wp-image-232 lazyload\" width=\"621\" height=\"1118\" data-srcset=\"https:\/\/www.ff-rappoltenkirchen.at\/wp-content\/uploads\/2021\/03\/Sirenensignale.jpg 500w, https:\/\/www.ff-rappoltenkirchen.at\/wp-content\/uploads\/2021\/03\/Sirenensignale-167x300.jpg 167w\" data-sizes=\"(max-width: 621px) 100vw, 621px\" src=\"data:image\/svg+xml;base64,PHN2ZyB3aWR0aD0iMSIgaGVpZ2h0PSIxIiB4bWxucz0iaHR0cDovL3d3dy53My5vcmcvMjAwMC9zdmciPjwvc3ZnPg==\" style=\"--smush-placeholder-width: 621px; --smush-placeholder-aspect-ratio: 621\/1118;\" \/><\/figure>\n","protected":false},"excerpt":{"rendered":"<p>\u00d6sterreich verf\u00fcgt \u00fcber ein fl\u00e4chendeckendes Warn- und Alarmsystem. Mit insgesamt 7000 Sirenen kann die Bev\u00f6lkerung im Katastrophenfall gewarnt und alarmiert werden.\u00a0Um Sie mit diesen Signalen vertraut zu machen und gleichzeitig die Funktion und Reichweite&#46;&#46;&#46;<\/p>\n","protected":false},"author":1,"featured_media":0,"parent":0,"menu_order":0,"comment_status":"closed","ping_status":"closed","template":"","meta":{"footnotes":""},"class_list":["post-231","page","type-page","status-publish","hentry"],"_links":{"self":[{"href":"https:\/\/www.ff-rappoltenkirchen.at\/index.php?rest_route=\/wp\/v2\/pages\/231","targetHints":{"allow":["GET"]}}],"collection":[{"href":"https:\/\/www.ff-rappoltenkirchen.at\/index.php?rest_route=\/wp\/v2\/pages"}],"about":[{"href":"https:\/\/www.ff-rappoltenkirchen.at\/index.php?rest_route=\/wp\/v2\/types\/page"}],"author":[{"embeddable":true,"href":"https:\/\/www.ff-rappoltenkirchen.at\/index.php?rest_route=\/wp\/v2\/users\/1"}],"replies":[{"embeddable":true,"href":"https:\/\/www.ff-rappoltenkirchen.at\/index.php?rest_route=%2Fwp%2Fv2%2Fcomments&post=231"}],"version-history":[{"count":1,"href":"https:\/\/www.ff-rappoltenkirchen.at\/index.php?rest_route=\/wp\/v2\/pages\/231\/revisions"}],"predecessor-version":[{"id":233,"href":"https:\/\/www.ff-rappoltenkirchen.at\/index.php?rest_route=\/wp\/v2\/pages\/231\/revisions\/233"}],"wp:attachment":[{"href":"https:\/\/www.ff-rappoltenkirchen.at\/index.php?rest_route=%2Fwp%2Fv2%2Fmedia&parent=231"}],"curies":[{"name":"wp","href":"https:\/\/api.w.org\/{rel}","templated":true}]}}