{"id":234,"date":"2021-03-07T23:40:55","date_gmt":"2021-03-07T22:40:55","guid":{"rendered":"https:\/\/www.ff-rappoltenkirchen.at\/?page_id=234"},"modified":"2021-03-07T23:40:56","modified_gmt":"2021-03-07T22:40:56","slug":"feuerloescher","status":"publish","type":"page","link":"https:\/\/www.ff-rappoltenkirchen.at\/?page_id=234","title":{"rendered":"Feuerl\u00f6scher"},"content":{"rendered":"\n<p><strong>Anwendung von Feuerl\u00f6schern<\/strong><\/p>\n\n\n\n<hr class=\"wp-block-separator\"\/>\n\n\n\n<p>Viele Entstehungsbr\u00e4nde k\u00f6nnte man durch den richtigen Einsatz l\u00f6schen. Umso wichtiger ist es, den Umgang mit diesen Ger\u00e4ten zu kennen!&nbsp;<\/p>\n\n\n\n<ul class=\"wp-block-list\"><li><strong>Was tun?<br><\/strong>Nach Inbetriebnahme des L\u00f6schers immer mit der Windrichtung von vorne nach hinten l\u00f6schen.<br>Das L\u00f6schmittel in die Flammen zu richten bleibt wirkungslos. Sie m\u00fcssen jede Stelle treffen, wo sie den Ausgangspunkt haben.<br>Br\u00e4nde von festen Stoffen von unten, Br\u00e4nde von Flie\u00df- und Tropfbr\u00e4nden von oben.<br>Die Pulverwolke \u00fcber das gesamte Objekt bringen.<br>Nach Abl\u00f6schen des Brandes sollten Sie mit einem Eimer Wasser die Glutnester nachl\u00f6schen.<\/li><li><strong>Wichtig:<br><\/strong>Befindet sich eine zweite Person in der N\u00e4he, soll diese zwischenzeitlich die Feuerwehr alarmieren! Denken Sie daran, dass der Feuerl\u00f6scher eventuell nicht ausreicht! Wenn Sie erst dann die Feuerwehr alarmieren, sofern Sie mit eigenen Mitteln nicht mehr Herr der Lage sind, geht wertvolle Zeit verloren! Der effizienteste Einsatz ist bei zeitgerechter Alarmierung sichergestellt! Wenn die Feuerwehr eintrifft und Sie den Brand zwischenzeitlich selbst haben l\u00f6schen k\u00f6nnen, keine Angst: Der Einsatz ist kostenlos!<\/li><li><strong>Hinweis:<br><\/strong>Nach Verwendung der Handfeuerl\u00f6scher diesen unbedingt von einer Firma f\u00fcllen und \u00fcberpr\u00fcfen lassen. Es ist eine gesetzliche Bestimmung, den Feuerl\u00f6scher ALLE 2 JAHRE von einer Fachfirma \u00fcberpr\u00fcfen zu lassen! In vielen Gemeinden gibt es &#8211; meist bei den Feuerwehren &#8211; einen Aktionstag, wo man die L\u00f6scher zur \u00dcberpr\u00fcfung durch eine konzessioniertes Unternehmen abgeben kann.&nbsp;<\/li><\/ul>\n\n\n\n<p><strong>Handhabung eines Feuerl\u00f6schers:<\/strong><\/p>\n\n\n\n<ul class=\"wp-block-list\"><li>Den Feuerl\u00f6scher aus der Halterung nehmen und auf den Fu\u00dfboden abstellen.\u00a0<\/li><li>Es gibt verschiedene Feuerl\u00f6scher &#8211; Modelle. Die Bedienungsanleitung ist auf jedem Feuerl\u00f6scher aufgedruckt. Beachten Sie bitte auch die Gefahrenhinweis (z.B. nicht f\u00fcr elektrische Anlagen verwenden)! Am besten, Sie studieren diese einmal in einer ruhigen Minute, nicht erst dann, wenn Sie das Ger\u00e4t schon ben\u00f6tigen!\u00a0<\/li><li>Feuerl\u00f6scher entsichern, Ventil bet\u00e4tigen.\u00a0<\/li><li>Feuerl\u00f6scher aufheben. Schlauch auf den Brandherd richten!\u00a0<\/li><li>L\u00f6schpistole dr\u00fccken &#8211; das L\u00f6schpulver str\u00f6mt aus. Hebel loslassen &#8211; der L\u00f6schstrahl wird abgestellt.<\/li><\/ul>\n\n\n\n<figure class=\"wp-block-image size-large\"><img decoding=\"async\" width=\"879\" height=\"941\" data-src=\"https:\/\/www.ff-rappoltenkirchen.at\/wp-content\/uploads\/2021\/03\/anwendung_feuerloescher.jpg\" alt=\"\" class=\"wp-image-235 lazyload\" data-srcset=\"https:\/\/www.ff-rappoltenkirchen.at\/wp-content\/uploads\/2021\/03\/anwendung_feuerloescher.jpg 879w, https:\/\/www.ff-rappoltenkirchen.at\/wp-content\/uploads\/2021\/03\/anwendung_feuerloescher-280x300.jpg 280w, https:\/\/www.ff-rappoltenkirchen.at\/wp-content\/uploads\/2021\/03\/anwendung_feuerloescher-768x822.jpg 768w\" data-sizes=\"(max-width: 879px) 100vw, 879px\" src=\"data:image\/svg+xml;base64,PHN2ZyB3aWR0aD0iMSIgaGVpZ2h0PSIxIiB4bWxucz0iaHR0cDovL3d3dy53My5vcmcvMjAwMC9zdmciPjwvc3ZnPg==\" style=\"--smush-placeholder-width: 879px; --smush-placeholder-aspect-ratio: 879\/941;\" \/><\/figure>\n","protected":false},"excerpt":{"rendered":"<p>Anwendung von Feuerl\u00f6schern Viele Entstehungsbr\u00e4nde k\u00f6nnte man durch den richtigen Einsatz l\u00f6schen. Umso wichtiger ist es, den Umgang mit diesen Ger\u00e4ten zu kennen!&nbsp; Was tun?Nach Inbetriebnahme des L\u00f6schers immer mit der Windrichtung von vorne&#46;&#46;&#46;<\/p>\n","protected":false},"author":1,"featured_media":0,"parent":0,"menu_order":0,"comment_status":"closed","ping_status":"closed","template":"","meta":{"footnotes":""},"class_list":["post-234","page","type-page","status-publish","hentry"],"_links":{"self":[{"href":"https:\/\/www.ff-rappoltenkirchen.at\/index.php?rest_route=\/wp\/v2\/pages\/234","targetHints":{"allow":["GET"]}}],"collection":[{"href":"https:\/\/www.ff-rappoltenkirchen.at\/index.php?rest_route=\/wp\/v2\/pages"}],"about":[{"href":"https:\/\/www.ff-rappoltenkirchen.at\/index.php?rest_route=\/wp\/v2\/types\/page"}],"author":[{"embeddable":true,"href":"https:\/\/www.ff-rappoltenkirchen.at\/index.php?rest_route=\/wp\/v2\/users\/1"}],"replies":[{"embeddable":true,"href":"https:\/\/www.ff-rappoltenkirchen.at\/index.php?rest_route=%2Fwp%2Fv2%2Fcomments&post=234"}],"version-history":[{"count":1,"href":"https:\/\/www.ff-rappoltenkirchen.at\/index.php?rest_route=\/wp\/v2\/pages\/234\/revisions"}],"predecessor-version":[{"id":236,"href":"https:\/\/www.ff-rappoltenkirchen.at\/index.php?rest_route=\/wp\/v2\/pages\/234\/revisions\/236"}],"wp:attachment":[{"href":"https:\/\/www.ff-rappoltenkirchen.at\/index.php?rest_route=%2Fwp%2Fv2%2Fmedia&parent=234"}],"curies":[{"name":"wp","href":"https:\/\/api.w.org\/{rel}","templated":true}]}}