{"id":237,"date":"2021-03-07T23:44:05","date_gmt":"2021-03-07T22:44:05","guid":{"rendered":"https:\/\/www.ff-rappoltenkirchen.at\/?page_id=237"},"modified":"2021-03-07T23:44:06","modified_gmt":"2021-03-07T22:44:06","slug":"feuerwerk","status":"publish","type":"page","link":"https:\/\/www.ff-rappoltenkirchen.at\/?page_id=237","title":{"rendered":"Feuerwerk"},"content":{"rendered":"\n<p>Allj\u00e4hrlich efreuen sich viele Menschen zum Jahreswechsel an den vielen bunten und imposanten Feuerwerken. Die meisten dieser Feuerwerke werden privat gez\u00fcndet.&nbsp;Dabei kommt es leider immer wieder zu schweren Unf\u00e4llen und Br\u00e4nden. So hat vergangenes Jahr eine Feuerwerksrakete kurz nach Mitternacht zu einem Heckenbrand in \u00d6pping gef\u00fchrt.<\/p>\n\n\n\n<p>Damit aus einer rauschenden Sylvesternacht nicht pl\u00f6tzlich ein flammendes Inferno wird m\u00f6chten wir Sie auf einige grundlegende Regeln beim Umgang mit Feuerwerksk\u00f6rpern hinweisen.<\/p>\n\n\n\n<p>Gerade in der Sylvesternacht wird ausgiebig gefeiert. Doch Alkohol und Feuerwerk vertragen sich nicht. Unter Alkoholeinflu\u00df ist eine sachgem\u00e4\u00dfe Bedienung nicht mehr m\u00f6glich. Es fallen Hemmschwellen und man ist bereit ein viel zu gro\u00dfes Risiko einzugehen.<\/p>\n\n\n\n<p>Daher \u2013 \u00dcberlassen sie das Z\u00fcnden eines Feuerwerkes lieber n\u00fcchternen Personen und genie\u00dfen Sie es als Zuschauer.<\/p>\n\n\n\n<p><strong>Beim Entz\u00fcnden eines Feuerwerks sind die gesetzlichen Bestimmungen sowie die Altersvorschriften einzuhalten.<\/strong><\/p>\n\n\n\n<ul class=\"wp-block-list\"><li>Gebrauchsanleitungen beachten!<\/li><li>Halten Sie sich als Zuschauer beim B\u00f6ller- oder Raketenschie\u00dfen in gr\u00f6\u00dferer Entfernung und keinesfalls in Schussrichtung der\u00a0Feuerwerksk\u00f6rper auf.<\/li><li>Raketen nur aus &#8222;Startrampen&#8220; abfeuern: am besten fest verankerte R\u00f6hren oder evt. Flaschen verwenden.\u00a0<\/li><li>Knallk\u00f6rper nie in geschlossenen Beh\u00e4ltern oder in Flaschen z\u00fcnden -extreme Splittergefahr!<\/li><li>Achten Sie auf einen ausreichenden Sicherheitsabstand zu Personen und Geb\u00e4uden. Nehmen Sie R\u00fccksicht auf Menschen, aber auch Tiere.<\/li><li>Denken Sie daran, dass durch Raketen und Knallk\u00f6rper auch Kleider entz\u00fcndet werden k\u00f6nnen.\u00a0<\/li><li>Besondere Vorsicht auch bei sogenannten Babyraketen, die zu\u00a0Augenverletzungen f\u00fchren k\u00f6nnen: Nie \u00fcber die vermeintlich nicht gez\u00fcndete Rakete beugen!<\/li><li>Versuchen Sie keinesfalls &#8222;Blindg\u00e4nger&#8220; erneut zu z\u00fcnden, sondern machen Sie diese &#8211; nachdem mindestens f\u00fcnf Minuten verstrichen sind -mit Schnee oder Wasser unbrauchbar.<\/li><li>Die Herstellung von Feuerwerksk\u00f6rpern in Eigenregie und das\u00a0Kombinieren (B\u00fcndeln) von mehreren Feuerwerksk\u00f6rpern ist besonders gef\u00e4hrlich und verursacht oft schwere Unf\u00e4lle.<\/li><li>Feuerwerk soll grunds\u00e4tzlich nicht in Kinderh\u00e4nde gelangen! Auchf\u00fcr Kinder zul\u00e4ssiges Feuerwerk nur unter Aufsicht von Erwachsenen verwenden!<\/li><li>Knallk\u00f6rper nicht in Innenr\u00e4umen (z.B. auch Parkgaragen) z\u00fcnden!<\/li><li>Auf eine freie Schussbahn achten. Niemals in Richtung von Buschwerk, Windschutzg\u00fcrteln oder Geb\u00e4uden abfeuern<\/li><li>Stellen Sie L\u00f6schmittel bereit<\/li><\/ul>\n\n\n\n<figure class=\"wp-block-image size-large\"><img decoding=\"async\" width=\"830\" height=\"321\" data-src=\"https:\/\/www.ff-rappoltenkirchen.at\/wp-content\/uploads\/2021\/03\/Silvester-Feuerwerk-e1509959700483.jpg\" alt=\"\" class=\"wp-image-238 lazyload\" data-srcset=\"https:\/\/www.ff-rappoltenkirchen.at\/wp-content\/uploads\/2021\/03\/Silvester-Feuerwerk-e1509959700483.jpg 830w, https:\/\/www.ff-rappoltenkirchen.at\/wp-content\/uploads\/2021\/03\/Silvester-Feuerwerk-e1509959700483-300x116.jpg 300w, https:\/\/www.ff-rappoltenkirchen.at\/wp-content\/uploads\/2021\/03\/Silvester-Feuerwerk-e1509959700483-768x297.jpg 768w\" data-sizes=\"(max-width: 830px) 100vw, 830px\" src=\"data:image\/svg+xml;base64,PHN2ZyB3aWR0aD0iMSIgaGVpZ2h0PSIxIiB4bWxucz0iaHR0cDovL3d3dy53My5vcmcvMjAwMC9zdmciPjwvc3ZnPg==\" style=\"--smush-placeholder-width: 830px; --smush-placeholder-aspect-ratio: 830\/321;\" \/><\/figure>\n","protected":false},"excerpt":{"rendered":"<p>Allj\u00e4hrlich efreuen sich viele Menschen zum Jahreswechsel an den vielen bunten und imposanten Feuerwerken. Die meisten dieser Feuerwerke werden privat gez\u00fcndet.&nbsp;Dabei kommt es leider immer wieder zu schweren Unf\u00e4llen und Br\u00e4nden. So hat vergangenes&#46;&#46;&#46;<\/p>\n","protected":false},"author":1,"featured_media":0,"parent":0,"menu_order":0,"comment_status":"closed","ping_status":"closed","template":"","meta":{"footnotes":""},"class_list":["post-237","page","type-page","status-publish","hentry"],"_links":{"self":[{"href":"https:\/\/www.ff-rappoltenkirchen.at\/index.php?rest_route=\/wp\/v2\/pages\/237","targetHints":{"allow":["GET"]}}],"collection":[{"href":"https:\/\/www.ff-rappoltenkirchen.at\/index.php?rest_route=\/wp\/v2\/pages"}],"about":[{"href":"https:\/\/www.ff-rappoltenkirchen.at\/index.php?rest_route=\/wp\/v2\/types\/page"}],"author":[{"embeddable":true,"href":"https:\/\/www.ff-rappoltenkirchen.at\/index.php?rest_route=\/wp\/v2\/users\/1"}],"replies":[{"embeddable":true,"href":"https:\/\/www.ff-rappoltenkirchen.at\/index.php?rest_route=%2Fwp%2Fv2%2Fcomments&post=237"}],"version-history":[{"count":1,"href":"https:\/\/www.ff-rappoltenkirchen.at\/index.php?rest_route=\/wp\/v2\/pages\/237\/revisions"}],"predecessor-version":[{"id":239,"href":"https:\/\/www.ff-rappoltenkirchen.at\/index.php?rest_route=\/wp\/v2\/pages\/237\/revisions\/239"}],"wp:attachment":[{"href":"https:\/\/www.ff-rappoltenkirchen.at\/index.php?rest_route=%2Fwp%2Fv2%2Fmedia&parent=237"}],"curies":[{"name":"wp","href":"https:\/\/api.w.org\/{rel}","templated":true}]}}