{"id":249,"date":"2021-03-07T23:52:34","date_gmt":"2021-03-07T22:52:34","guid":{"rendered":"https:\/\/www.ff-rappoltenkirchen.at\/?page_id=249"},"modified":"2021-03-07T23:52:35","modified_gmt":"2021-03-07T22:52:35","slug":"oeamtc-rettungskarte","status":"publish","type":"page","link":"https:\/\/www.ff-rappoltenkirchen.at\/?page_id=249","title":{"rendered":"\u00d6AMTC-Rettungskarte"},"content":{"rendered":"\n<p><strong>Sichere Autos &#8211; sichere Autofahrer. Eine Gleichung, die nur auf den ersten Blick aufgeht<\/strong><\/p>\n\n\n\n<hr class=\"wp-block-separator\"\/>\n\n\n\n<p>Autos werden immer sicherer. Das kann auch zum Problem werden: dann n\u00e4mlich, wenn verletzte Insassen geborgen werden m\u00fcssen, die nach einem Unfall im Wrack eingeklemmt sind. Da muss die Feuerwehr mit schwerem Ger\u00e4t anr\u00fccken.<\/p>\n\n\n\n<p>Wie Ergebnisse aus der \u00d6AMTC-Unfallforschung zeigen ist es gerade die sichere Konstruktion moderner Autos, die die Rettung erschwert: Gezielte Verst\u00e4rkungen der Karosserie, vor allem in den Dachs\u00e4ulen, bietet der Bergeschere Widerstand, und Gasgeneratoren von Airbags, die m\u00f6glicherweise beim Unfall nicht ausgel\u00f6st haben, k\u00f6nnten den Rettern um die Ohren fliegen. Klarerweise k\u00f6nnen die Feuerwehren nicht die Konstruktionsdetails aller g\u00e4ngigen Automodelle auswendig wissen, der Zeitdruck erzeugt zus\u00e4tzlich Stress.<\/p>\n\n\n\n<p><strong>Rettungsinformationen als &#8222;Rettungskarte&#8220; f\u00fcr jedes PKW Modell<\/strong><\/p>\n\n\n\n<p>Eine so genannte Rettungskarte kann die Zeit der Bergung entscheidend verk\u00fcrzen. Das macht bei Schwerverletzten m\u00f6glicherweise den Unterschied zwischen Leben und Tod aus. Voraussetzung ist, der Autofahrer hat sich die passende Rettungskarte f\u00fcr sein Fahrzeug besorgt und sie hinter der Fahrer-Sonnenblende im Auto deponiert, und vorausgesetzt, die Feuerwehrleute wissen davon.<\/p>\n\n\n\n<p><strong>Aufkleber &#8222;Rettungskarte im Fahrzeug&#8220;<\/strong><\/p>\n\n\n\n<p>Um die Feuerwehr auf einen Blick zu informieren, soll auf der Fahrerseite, neben der A-S\u00e4ule ein Aufkleber (innen an der Windschutzscheibe) angebracht werden.<\/p>\n\n\n\n<figure class=\"wp-block-image size-large\"><img decoding=\"async\" width=\"578\" height=\"327\" data-src=\"https:\/\/www.ff-rappoltenkirchen.at\/wp-content\/uploads\/2021\/03\/rettungskarte.jpg\" alt=\"\" class=\"wp-image-250 lazyload\" data-srcset=\"https:\/\/www.ff-rappoltenkirchen.at\/wp-content\/uploads\/2021\/03\/rettungskarte.jpg 578w, https:\/\/www.ff-rappoltenkirchen.at\/wp-content\/uploads\/2021\/03\/rettungskarte-300x170.jpg 300w\" data-sizes=\"(max-width: 578px) 100vw, 578px\" src=\"data:image\/svg+xml;base64,PHN2ZyB3aWR0aD0iMSIgaGVpZ2h0PSIxIiB4bWxucz0iaHR0cDovL3d3dy53My5vcmcvMjAwMC9zdmciPjwvc3ZnPg==\" style=\"--smush-placeholder-width: 578px; --smush-placeholder-aspect-ratio: 578\/327;\" \/><\/figure>\n\n\n\n<p><strong>Rettungskarte &#8211; was ist das?<\/strong><\/p>\n\n\n\n<p>Die Rettungskarten sind Bl\u00e4tter im A4-Format, auf denen das Auto in Schnittzeichnungen von oben und von der Seite dargestellt ist. Deutlich eingezeichnet ist darauf die Lage von Karosserieversteifungen, Batterie, Airbags und Gasgeneratoren zum Z\u00fcnden der Airbags. An Hand dieser Darstellung kann die Feuerwehr das Bergeger\u00e4t punktgenau ansetzen.<\/p>\n\n\n\n<p><strong>Rettungskarte woher?<\/strong><\/p>\n\n\n\n<p>Um sein Fahrzeug optimal auszur\u00fcsten empfehlen wir folgende Vorgangsweise:<\/p>\n\n\n\n<p><strong>Schritt eins:<\/strong>&nbsp;Rettungskarte f\u00fcr das eigene Auto in der Liste unten ausw\u00e4hlen und auf einem Farbdrucker ausdrucken. (Leider gibt es auch Hersteller, die ihren Kunden diesen sinnvollen Service \u00fcberhaupt noch nicht oder nicht f\u00fcr alle Modelle anbieten.)<\/p>\n\n\n\n<p><strong>Schritt zwei:<\/strong>&nbsp;Rettungskarte falten und, zum Beispiel mit einem Gummiband, an der Fahrer-Sonnenblende befestigen. Selbst nach einem \u00dcberschlag, wenn das Auto auf dem Dach liegt, kommen die Retter meist an diese Stelle heran.<\/p>\n\n\n\n<p><strong>Schritt drei:<\/strong>&nbsp;Aufkleber beim \u00d6AMTC holen und am Auto anbringen &#8211; der \u00d6AMTC empfiehlt die linke untere Ecke der Windschutzscheibe (selbst wenn diese beim Unfall herausspringt, bleibt der Aufkleber auffindbar). Auf der R\u00fcckseite sind wichtige Telefonnummern aufgelistet.<\/p>\n\n\n\n<p><strong>Hinweis:<\/strong>&nbsp;Um Ihre Rettungskarte problemlos herunterladen und \u00f6ffnen zu k\u00f6nnen, ben\u00f6tigen Sie den&nbsp;<strong>kostenlosen Adobe Reader<\/strong>&nbsp;in der&nbsp;<strong>Version 8 oder h\u00f6her<\/strong>. Diesen k\u00f6nnen Sie hier&nbsp;<a href=\"http:\/\/get.adobe.com\/de\/reader\/\" target=\"_blank\" rel=\"noreferrer noopener\">herunterladen<\/a>.<\/p>\n\n\n\n<p><strong><a href=\"http:\/\/www.oeamtc.at\/?id=2500,1136572&amp;ftq=YTozOntzOjM6ImFkdiI7YToxOntpOjA7czoxOiIxIjt9czo1OiJzdGFydCI7czoxOiIwIjtzOjI6InFzIjthOjE6e2k6MDtzOjEzOiJSZXR0dW5nc2thcnRlIjt9fQ%3D%3D&amp;backlink=0\" data-type=\"URL\" data-id=\"http:\/\/www.oeamtc.at\/?id=2500,1136572&amp;ftq=YTozOntzOjM6ImFkdiI7YToxOntpOjA7czoxOiIxIjt9czo1OiJzdGFydCI7czoxOiIwIjtzOjI6InFzIjthOjE6e2k6MDtzOjEzOiJSZXR0dW5nc2thcnRlIjt9fQ%3D%3D&amp;backlink=0\">Hier gehts zu den Rettungkarten&#8230;<\/a><\/strong><\/p>\n\n\n\n<p><strong>Rettungsprobleme betreffen nur neuere Fahrzeugmodelle; f\u00fcr \u00e4ltere Modelle stehen daher keine Rettungskarten zur Verf\u00fcgung.<\/strong><br><strong>S\u00e4mtliche \u00c4nderungen am Fahrzeug (z.B. Einbau Gasanlage) m\u00fcssen vom Nachr\u00fcster auf<\/strong><br><strong>der Karte eingetragen werden.<\/strong><br><br>&nbsp;<\/p>\n\n\n\n<p>Quelle: \u00d6AMTC<\/p>\n","protected":false},"excerpt":{"rendered":"<p>Sichere Autos &#8211; sichere Autofahrer. Eine Gleichung, die nur auf den ersten Blick aufgeht Autos werden immer sicherer. Das kann auch zum Problem werden: dann n\u00e4mlich, wenn verletzte Insassen geborgen werden m\u00fcssen, die nach&#46;&#46;&#46;<\/p>\n","protected":false},"author":1,"featured_media":0,"parent":0,"menu_order":0,"comment_status":"closed","ping_status":"closed","template":"","meta":{"footnotes":""},"class_list":["post-249","page","type-page","status-publish","hentry"],"_links":{"self":[{"href":"https:\/\/www.ff-rappoltenkirchen.at\/index.php?rest_route=\/wp\/v2\/pages\/249","targetHints":{"allow":["GET"]}}],"collection":[{"href":"https:\/\/www.ff-rappoltenkirchen.at\/index.php?rest_route=\/wp\/v2\/pages"}],"about":[{"href":"https:\/\/www.ff-rappoltenkirchen.at\/index.php?rest_route=\/wp\/v2\/types\/page"}],"author":[{"embeddable":true,"href":"https:\/\/www.ff-rappoltenkirchen.at\/index.php?rest_route=\/wp\/v2\/users\/1"}],"replies":[{"embeddable":true,"href":"https:\/\/www.ff-rappoltenkirchen.at\/index.php?rest_route=%2Fwp%2Fv2%2Fcomments&post=249"}],"version-history":[{"count":1,"href":"https:\/\/www.ff-rappoltenkirchen.at\/index.php?rest_route=\/wp\/v2\/pages\/249\/revisions"}],"predecessor-version":[{"id":251,"href":"https:\/\/www.ff-rappoltenkirchen.at\/index.php?rest_route=\/wp\/v2\/pages\/249\/revisions\/251"}],"wp:attachment":[{"href":"https:\/\/www.ff-rappoltenkirchen.at\/index.php?rest_route=%2Fwp%2Fv2%2Fmedia&parent=249"}],"curies":[{"name":"wp","href":"https:\/\/api.w.org\/{rel}","templated":true}]}}