{"id":252,"date":"2021-03-07T23:55:36","date_gmt":"2021-03-07T22:55:36","guid":{"rendered":"https:\/\/www.ff-rappoltenkirchen.at\/?page_id=252"},"modified":"2021-03-07T23:55:37","modified_gmt":"2021-03-07T22:55:37","slug":"pv-anlagen","status":"publish","type":"page","link":"https:\/\/www.ff-rappoltenkirchen.at\/?page_id=252","title":{"rendered":"PV Anlagen"},"content":{"rendered":"\n<p><strong>Aufgrund des Klimaschutzes und dem Forcieren von sauberen alternativen Energiequellen entscheiden sich auch in \u00d6sterreich immer mehr Privathaushalte f\u00fcr eine Photovoltaik-Anlage.<\/strong><\/p>\n\n\n\n<h3 class=\"wp-block-heading\">&nbsp;<\/h3>\n\n\n\n<p>Dieser Umstand erfordert auch von den Feuerwehren, sich mit diesem Thema und den m\u00f6glichen Szenarien im Einsatz auseinanderzusetzen.&nbsp;<\/p>\n\n\n\n<p><strong>Eines vorweg.<\/strong><\/p>\n\n\n\n<p>Die \u00f6fters in Zeitungen beschriebenen F\u00e4lle, dass in&nbsp;Deutschland bei Br\u00e4nden an PV Anlagen die&nbsp;Feuerwehr die H\u00e4user einfach kontrolliert abbrennen l\u00e4\u00dft geh\u00f6ren ABSOLUT in das Reich der Horrorm\u00e4rchen und sind nicht wahr.<\/p>\n\n\n\n<p>Die Feuerwehr sowohl in \u00d6sterreich als auch in Deutschland ist im Umgang mit diesen Situationen bestens geschult und wei\u00df damit umzugehen.<\/p>\n\n\n\n<p>Br\u00e4nde an PV-Anlagen sind gleichzusetzen mit anderen Br\u00e4nden an elektrischen Einrichtungen und erfordern immer ein umsichtiges Vorgehen.<\/p>\n\n\n\n<p>Die grunds\u00e4tzliche Schwierigkeit bei Eins\u00e4tzen mit Photovoltaikanlagen liegt darin, dass sich die Photovoltaikanlage nicht abschalten l\u00e4sst. Solange die Sonne scheint, liefern die einzelnen Solarmodule Strom und dieser wird entweder an den Brandherd oder in \u00fcberflutete R\u00e4ume weitergeleitet.<\/p>\n\n\n\n<p>Dazu muss ess nicht taghell sein, es reicht schon diffuses Licht.&nbsp;<\/p>\n\n\n\n<p>Dabei entstehen Gleichstromspannungen von bis zu 1.000V \u2013 Lebensgefahr!<\/p>\n\n\n\n<p>Photovoltaikmodule sowie die abgehenden Leitungen k\u00f6nnen NICHT abgeschaltet werden!<\/p>\n\n\n\n<p>Bis zum Wechselrichter oder einer vorhandenen Freischalteinrichtung herrschen immer Gleichstromspannungen von bis zu 1.000V vor!<\/p>\n\n\n\n<figure class=\"wp-block-image size-large\"><img decoding=\"async\" width=\"1024\" height=\"612\" data-src=\"https:\/\/www.ff-rappoltenkirchen.at\/wp-content\/uploads\/2021\/03\/pvanlage-1024x612.jpg\" alt=\"\" class=\"wp-image-253 lazyload\" data-srcset=\"https:\/\/www.ff-rappoltenkirchen.at\/wp-content\/uploads\/2021\/03\/pvanlage-1024x612.jpg 1024w, https:\/\/www.ff-rappoltenkirchen.at\/wp-content\/uploads\/2021\/03\/pvanlage-300x179.jpg 300w, https:\/\/www.ff-rappoltenkirchen.at\/wp-content\/uploads\/2021\/03\/pvanlage-768x459.jpg 768w, https:\/\/www.ff-rappoltenkirchen.at\/wp-content\/uploads\/2021\/03\/pvanlage-1536x918.jpg 1536w, https:\/\/www.ff-rappoltenkirchen.at\/wp-content\/uploads\/2021\/03\/pvanlage.jpg 1080w\" data-sizes=\"(max-width: 1024px) 100vw, 1024px\" src=\"data:image\/svg+xml;base64,PHN2ZyB3aWR0aD0iMSIgaGVpZ2h0PSIxIiB4bWxucz0iaHR0cDovL3d3dy53My5vcmcvMjAwMC9zdmciPjwvc3ZnPg==\" style=\"--smush-placeholder-width: 1024px; --smush-placeholder-aspect-ratio: 1024\/612;\" \/><\/figure>\n\n\n\n<figure class=\"wp-block-image size-large\"><img decoding=\"async\" width=\"1024\" height=\"645\" data-src=\"https:\/\/www.ff-rappoltenkirchen.at\/wp-content\/uploads\/2021\/03\/pvanlagebrand-1024x645.jpg\" alt=\"\" class=\"wp-image-254 lazyload\" data-srcset=\"https:\/\/www.ff-rappoltenkirchen.at\/wp-content\/uploads\/2021\/03\/pvanlagebrand-1024x645.jpg 1024w, https:\/\/www.ff-rappoltenkirchen.at\/wp-content\/uploads\/2021\/03\/pvanlagebrand-300x189.jpg 300w, https:\/\/www.ff-rappoltenkirchen.at\/wp-content\/uploads\/2021\/03\/pvanlagebrand-768x484.jpg 768w, https:\/\/www.ff-rappoltenkirchen.at\/wp-content\/uploads\/2021\/03\/pvanlagebrand-1536x967.jpg 1536w, https:\/\/www.ff-rappoltenkirchen.at\/wp-content\/uploads\/2021\/03\/pvanlagebrand.jpg 1080w\" data-sizes=\"(max-width: 1024px) 100vw, 1024px\" src=\"data:image\/svg+xml;base64,PHN2ZyB3aWR0aD0iMSIgaGVpZ2h0PSIxIiB4bWxucz0iaHR0cDovL3d3dy53My5vcmcvMjAwMC9zdmciPjwvc3ZnPg==\" style=\"--smush-placeholder-width: 1024px; --smush-placeholder-aspect-ratio: 1024\/645;\" \/><\/figure>\n\n\n\n<p>Um es uns bei einem etwaigen Brand- oder Hochwasser-Einsatz zu erleichtern, m\u00f6chten wir Sie im Hinblick auf eine schnelle und sichere Hilfeleistung zu Ihrem Wohle und Ihres Eigentums bitten, auf folgende Punkte bei der Installation einer Photovoltaik-Anlage zu achten:<\/p>\n\n\n\n<ul class=\"wp-block-list\"><li>Alle Solarmodule (Solarthermie- und Photovoltaik-Anlagen) sind auf Grund der geringen Belastbarkeit nicht begehbar. Um den Einsatzkr\u00e4ften ein schnelles und sicheres \u00d6ffnen der Dachhaut zu erm\u00f6glichen, sollte bei der Planung auf gen\u00fcgend begehbare Fl\u00e4chen R\u00fccksicht genommen werden.<\/li><li>Vermerken Sie im Eingangsbereich gut sichtbar, dass in diesem Geb\u00e4ude eine Photovoltaik-Anlage installiert ist. (Hinweisschild)<\/li><li>Im Z\u00e4hlerkasten oder auch im Eingangsbereich sollten Sie einen Lageplan und Schaltplan hinterlegen, auf dem auch die Anschrift der Ausf\u00fchrungsfirma, die Position der Wechselrichter und der Kabelverlegeweg gekennzeichnet sind.<\/li><li>Bei der Installation der Leitungen und des Wechselrichters sollte darauf geachtet werden, dass sich diese stromf\u00fchrenden Teile der Anlage nicht in Kellern befinden. Im Falle einer \u00dcberflutung (Hochwasser) kann die Anlage nicht \u201estromlos\u201c geschaltet werden. Somit k\u00f6nnen auch keine Auspumparbeiten oder \u00e4hnliches durchgef\u00fchrt werden.<\/li><li>Achten Sie bei der Installation Ihrer Anlage auf das Vorhandensein einer Freischalteinrichtung (Gleichstromtrennschalter).<\/li><\/ul>\n\n\n\n<p><strong>Wichtige Fakten in Kurzfassung:<\/strong><\/p>\n\n\n\n<ul class=\"wp-block-list\"><li>Bei PV(Photovoltaik)\u2010Anlagen incl. der Gleichstromleitungen, herrschen Spannungen bis zu&nbsp;<strong>1000V Gleichspannung &gt;&gt; Lebensgefahr !&nbsp;<\/strong><\/li><li>Leitungen vom PV Modul bis zum Wechselrichter lassen sich nicht abschalten<\/li><li>Gefahr eines Lichtbogens durch hohen Gleichstrom (Lichtb\u00f6gen bei&nbsp;Gleichstrom sond extrem stabil und nicht \u201el\u00f6schbar\u201c)<\/li><li>PV Anlagen sind mit Alu-Profilen befestigt und k\u00f6nnen&nbsp;<strong>im Brandfall abst\u00fcrzen<\/strong>.<\/li><li>Au\u00dferdem kann&nbsp;<strong>das Glas bei gro\u00dfer Hitze zerspringen<\/strong>.&nbsp;<strong>Zus\u00e4tzliche Dachlasten&nbsp;<\/strong>beachten.&nbsp;<strong>Absturz und Einsturzgefahr&nbsp;<\/strong>!<\/li><li>Beim&nbsp;<strong>Verbrennen&nbsp;<\/strong>einer&nbsp;<strong>PV<\/strong><strong>\u2010<\/strong><strong>Anlage&nbsp;<\/strong>entstehen&nbsp;<strong>Toxische Gase<\/strong>.<\/li><\/ul>\n\n\n\n<p><strong>Zum Abschluss noch einige Hinweise zum Umgang mit PV-Anlagen im Ernstfall:<\/strong><\/p>\n\n\n\n<p><strong>BRAND:<\/strong><\/p>\n\n\n\n<ul class=\"wp-block-list\"><li>&nbsp;Unternehmen Sie bei einem Brand im Bereich Ihrer Photovoltaikanlage&nbsp;auf keinen Fall&nbsp;eigene L\u00f6schversuche, etwa mit einem Gartenschlauch oder Handfeuerl\u00f6scher.&nbsp;Aufgrund der hohen Spannungen besteht Lebensgefahr!<\/li><li>Rufen Sie die Feuerwehr!<\/li><\/ul>\n\n\n\n<p><strong>Hochwasser:<\/strong><\/p>\n\n\n\n<ul class=\"wp-block-list\"><li>Sollte sich Ihr Wechselrichter im Keller befinden so betreten sie diesen im Fall von \u00dcberflutung NICHT!<\/li><li>Durch den Strom der von den Modulen geliefert wird besteht Lebensgefahr!<\/li><\/ul>\n\n\n\n<figure class=\"wp-block-image size-large\"><img decoding=\"async\" width=\"811\" height=\"549\" data-src=\"https:\/\/www.ff-rappoltenkirchen.at\/wp-content\/uploads\/2021\/03\/pvhochwasser.jpg\" alt=\"\" class=\"wp-image-255 lazyload\" data-srcset=\"https:\/\/www.ff-rappoltenkirchen.at\/wp-content\/uploads\/2021\/03\/pvhochwasser.jpg 811w, https:\/\/www.ff-rappoltenkirchen.at\/wp-content\/uploads\/2021\/03\/pvhochwasser-300x203.jpg 300w, https:\/\/www.ff-rappoltenkirchen.at\/wp-content\/uploads\/2021\/03\/pvhochwasser-768x520.jpg 768w\" data-sizes=\"(max-width: 811px) 100vw, 811px\" src=\"data:image\/svg+xml;base64,PHN2ZyB3aWR0aD0iMSIgaGVpZ2h0PSIxIiB4bWxucz0iaHR0cDovL3d3dy53My5vcmcvMjAwMC9zdmciPjwvc3ZnPg==\" style=\"--smush-placeholder-width: 811px; --smush-placeholder-aspect-ratio: 811\/549;\" \/><\/figure>\n\n\n\n<p>Quellen:&nbsp;<\/p>\n\n\n\n<p>N\u00d6&nbsp;Landesfeuerwehrverband&nbsp;&nbsp;<\/p>\n\n\n\n<p>Photovoltaikverband PV Austria<\/p>\n","protected":false},"excerpt":{"rendered":"<p>Aufgrund des Klimaschutzes und dem Forcieren von sauberen alternativen Energiequellen entscheiden sich auch in \u00d6sterreich immer mehr Privathaushalte f\u00fcr eine Photovoltaik-Anlage. &nbsp; Dieser Umstand erfordert auch von den Feuerwehren, sich mit diesem Thema und&#46;&#46;&#46;<\/p>\n","protected":false},"author":1,"featured_media":0,"parent":0,"menu_order":0,"comment_status":"closed","ping_status":"closed","template":"","meta":{"footnotes":""},"class_list":["post-252","page","type-page","status-publish","hentry"],"_links":{"self":[{"href":"https:\/\/www.ff-rappoltenkirchen.at\/index.php?rest_route=\/wp\/v2\/pages\/252","targetHints":{"allow":["GET"]}}],"collection":[{"href":"https:\/\/www.ff-rappoltenkirchen.at\/index.php?rest_route=\/wp\/v2\/pages"}],"about":[{"href":"https:\/\/www.ff-rappoltenkirchen.at\/index.php?rest_route=\/wp\/v2\/types\/page"}],"author":[{"embeddable":true,"href":"https:\/\/www.ff-rappoltenkirchen.at\/index.php?rest_route=\/wp\/v2\/users\/1"}],"replies":[{"embeddable":true,"href":"https:\/\/www.ff-rappoltenkirchen.at\/index.php?rest_route=%2Fwp%2Fv2%2Fcomments&post=252"}],"version-history":[{"count":1,"href":"https:\/\/www.ff-rappoltenkirchen.at\/index.php?rest_route=\/wp\/v2\/pages\/252\/revisions"}],"predecessor-version":[{"id":256,"href":"https:\/\/www.ff-rappoltenkirchen.at\/index.php?rest_route=\/wp\/v2\/pages\/252\/revisions\/256"}],"wp:attachment":[{"href":"https:\/\/www.ff-rappoltenkirchen.at\/index.php?rest_route=%2Fwp%2Fv2%2Fmedia&parent=252"}],"curies":[{"name":"wp","href":"https:\/\/api.w.org\/{rel}","templated":true}]}}