{"id":320,"date":"2021-03-08T11:12:38","date_gmt":"2021-03-08T10:12:38","guid":{"rendered":"https:\/\/www.ff-rappoltenkirchen.at\/?page_id=320"},"modified":"2021-03-08T11:12:39","modified_gmt":"2021-03-08T10:12:39","slug":"einsatzgebiet","status":"publish","type":"page","link":"https:\/\/www.ff-rappoltenkirchen.at\/?page_id=320","title":{"rendered":"Einsatzgebiet"},"content":{"rendered":"\n<p>Das Einsatzgebiet unserer Wehr erstreckt sich \u00fcber die gesamte Katastralgemeinde Rappoltenkirchen, Kreuth, \u00d6pping und Kracking.\u00a0<br>Aufgrund der geografischen Lage werden wir auch zu Eins\u00e4tzen in die KG Bonna sowie KG In der Au (Gemeinde Pressbaum) gerufen.<br>Unsere Wehr wird auch zu gr\u00f6\u00dferen Eins\u00e4tzen (Br\u00e4nden, Katastrophen,\u2026) au\u00dferhalb der genannten Einsatzorte im Bedarfsfall alarmiert.<\/p>\n\n\n\n<figure class=\"wp-block-image size-large\"><img decoding=\"async\" width=\"820\" height=\"1024\" data-src=\"https:\/\/www.ff-rappoltenkirchen.at\/wp-content\/uploads\/2021\/03\/Karte_big-820x1024.jpg\" alt=\"\" class=\"wp-image-321 lazyload\" data-srcset=\"https:\/\/www.ff-rappoltenkirchen.at\/wp-content\/uploads\/2021\/03\/Karte_big-820x1024.jpg 820w, https:\/\/www.ff-rappoltenkirchen.at\/wp-content\/uploads\/2021\/03\/Karte_big-240x300.jpg 240w, https:\/\/www.ff-rappoltenkirchen.at\/wp-content\/uploads\/2021\/03\/Karte_big-768x959.jpg 768w, https:\/\/www.ff-rappoltenkirchen.at\/wp-content\/uploads\/2021\/03\/Karte_big.jpg 1000w\" data-sizes=\"(max-width: 820px) 100vw, 820px\" src=\"data:image\/svg+xml;base64,PHN2ZyB3aWR0aD0iMSIgaGVpZ2h0PSIxIiB4bWxucz0iaHR0cDovL3d3dy53My5vcmcvMjAwMC9zdmciPjwvc3ZnPg==\" style=\"--smush-placeholder-width: 820px; --smush-placeholder-aspect-ratio: 820\/1024;\" \/><\/figure>\n","protected":false},"excerpt":{"rendered":"<p>Das Einsatzgebiet unserer Wehr erstreckt sich \u00fcber die gesamte Katastralgemeinde Rappoltenkirchen, Kreuth, \u00d6pping und Kracking.\u00a0Aufgrund der geografischen Lage werden wir auch zu Eins\u00e4tzen in die KG Bonna sowie KG In der Au (Gemeinde Pressbaum)&#46;&#46;&#46;<\/p>\n","protected":false},"author":1,"featured_media":0,"parent":0,"menu_order":0,"comment_status":"closed","ping_status":"closed","template":"","meta":{"footnotes":""},"class_list":["post-320","page","type-page","status-publish","hentry"],"_links":{"self":[{"href":"https:\/\/www.ff-rappoltenkirchen.at\/index.php?rest_route=\/wp\/v2\/pages\/320","targetHints":{"allow":["GET"]}}],"collection":[{"href":"https:\/\/www.ff-rappoltenkirchen.at\/index.php?rest_route=\/wp\/v2\/pages"}],"about":[{"href":"https:\/\/www.ff-rappoltenkirchen.at\/index.php?rest_route=\/wp\/v2\/types\/page"}],"author":[{"embeddable":true,"href":"https:\/\/www.ff-rappoltenkirchen.at\/index.php?rest_route=\/wp\/v2\/users\/1"}],"replies":[{"embeddable":true,"href":"https:\/\/www.ff-rappoltenkirchen.at\/index.php?rest_route=%2Fwp%2Fv2%2Fcomments&post=320"}],"version-history":[{"count":1,"href":"https:\/\/www.ff-rappoltenkirchen.at\/index.php?rest_route=\/wp\/v2\/pages\/320\/revisions"}],"predecessor-version":[{"id":322,"href":"https:\/\/www.ff-rappoltenkirchen.at\/index.php?rest_route=\/wp\/v2\/pages\/320\/revisions\/322"}],"wp:attachment":[{"href":"https:\/\/www.ff-rappoltenkirchen.at\/index.php?rest_route=%2Fwp%2Fv2%2Fmedia&parent=320"}],"curies":[{"name":"wp","href":"https:\/\/api.w.org\/{rel}","templated":true}]}}