{"id":367,"date":"2021-03-08T11:43:53","date_gmt":"2021-03-08T10:43:53","guid":{"rendered":"https:\/\/www.ff-rappoltenkirchen.at\/?page_id=367"},"modified":"2021-03-09T00:19:57","modified_gmt":"2021-03-08T23:19:57","slug":"fahrzeuge","status":"publish","type":"page","link":"https:\/\/www.ff-rappoltenkirchen.at\/?page_id=367","title":{"rendered":"Fahrzeuge"},"content":{"rendered":"\n<div class=\"wp-block-image\"><figure class=\"aligncenter size-large\"><img decoding=\"async\" width=\"485\" height=\"316\" data-src=\"https:\/\/www.ff-rappoltenkirchen.at\/wp-content\/uploads\/2021\/03\/mtf.png\" alt=\"\" class=\"wp-image-691 lazyload\" data-srcset=\"https:\/\/www.ff-rappoltenkirchen.at\/wp-content\/uploads\/2021\/03\/mtf.png 485w, https:\/\/www.ff-rappoltenkirchen.at\/wp-content\/uploads\/2021\/03\/mtf-300x195.png 300w\" data-sizes=\"(max-width: 485px) 100vw, 485px\" src=\"data:image\/svg+xml;base64,PHN2ZyB3aWR0aD0iMSIgaGVpZ2h0PSIxIiB4bWxucz0iaHR0cDovL3d3dy53My5vcmcvMjAwMC9zdmciPjwvc3ZnPg==\" style=\"--smush-placeholder-width: 485px; --smush-placeholder-aspect-ratio: 485\/316;\" \/><figcaption><strong>MTF<\/strong><\/figcaption><\/figure><\/div>\n\n\n\n<p class=\"has-text-align-center\"><strong>Mannschafts-Transport-Fahrzeug<\/strong><\/p>\n\n\n\n<p class=\"has-text-align-center\">Wie der Name schon sagt, dient es zum Transport der Mannschaft zu Eins\u00e4tzen, Be- werben oder diversen Veranstaltungen.<br>Es wird auch f\u00fcr die Jugend stark genutzt, um zum Beispiel auf Jugendlager oder Be- werbe zu fahren.<\/p>\n\n\n\n<hr class=\"wp-block-separator\"\/>\n\n\n\n<div class=\"wp-block-image\"><figure class=\"aligncenter size-large\"><img decoding=\"async\" width=\"485\" height=\"316\" data-src=\"https:\/\/www.ff-rappoltenkirchen.at\/wp-content\/uploads\/2021\/03\/klf.png\" alt=\"\" class=\"wp-image-693 lazyload\" data-srcset=\"https:\/\/www.ff-rappoltenkirchen.at\/wp-content\/uploads\/2021\/03\/klf.png 485w, https:\/\/www.ff-rappoltenkirchen.at\/wp-content\/uploads\/2021\/03\/klf-300x195.png 300w\" data-sizes=\"(max-width: 485px) 100vw, 485px\" src=\"data:image\/svg+xml;base64,PHN2ZyB3aWR0aD0iMSIgaGVpZ2h0PSIxIiB4bWxucz0iaHR0cDovL3d3dy53My5vcmcvMjAwMC9zdmciPjwvc3ZnPg==\" style=\"--smush-placeholder-width: 485px; --smush-placeholder-aspect-ratio: 485\/316;\" \/><figcaption><strong>KLF<\/strong><\/figcaption><\/figure><\/div>\n\n\n\n<p class=\"has-text-align-center\"><strong>Klein-L\u00f6sch-Fahrzeug<\/strong><\/p>\n\n\n\n<p class=\"has-text-align-center\">Unser kleiner Allrounder.<br>Es hat Ausr\u00fcstung f\u00fcr den Technischen- als auch Brandeinsatz verbaut. Neben einer Tragkraftspritze, Schl\u00e4uchen und der Atemschutzausr\u00fcstung, werden auch \u00d6lbindemittel, Besen, Schaufeln, das Not- stromaggregat und viel Handwerkzeug transportiert. Es f\u00e4hrt bei nahezu jedem Ein- satz mit -egal ob Brand, Unfall, T\u00fcr\u00f6ffnung oder Hochwasser.<\/p>\n\n\n\n<hr class=\"wp-block-separator\"\/>\n\n\n\n<div class=\"wp-block-image\"><figure class=\"aligncenter size-large\"><img decoding=\"async\" width=\"485\" height=\"316\" data-src=\"https:\/\/www.ff-rappoltenkirchen.at\/wp-content\/uploads\/2021\/03\/tank.png\" alt=\"\" class=\"wp-image-694 lazyload\" data-srcset=\"https:\/\/www.ff-rappoltenkirchen.at\/wp-content\/uploads\/2021\/03\/tank.png 485w, https:\/\/www.ff-rappoltenkirchen.at\/wp-content\/uploads\/2021\/03\/tank-300x195.png 300w\" data-sizes=\"(max-width: 485px) 100vw, 485px\" src=\"data:image\/svg+xml;base64,PHN2ZyB3aWR0aD0iMSIgaGVpZ2h0PSIxIiB4bWxucz0iaHR0cDovL3d3dy53My5vcmcvMjAwMC9zdmciPjwvc3ZnPg==\" style=\"--smush-placeholder-width: 485px; --smush-placeholder-aspect-ratio: 485\/316;\" \/><figcaption><strong>TLF 7000<\/strong><\/figcaption><\/figure><\/div>\n\n\n\n<p class=\"has-text-align-center\"><strong>Tank-L\u00f6sch-Fahrzeug<\/strong><\/p>\n\n\n\n<p class=\"has-text-align-center\">Der Spezialist f\u00fcr den Brandeinsatz.<br>Das TLF beinhaltet unter anderem einen 7000 Liter Wassertank und eine Einbau- pumpe. Es wird bei Brandeins\u00e4tzen auch \u00fcber die Gemeindegrenzen hinaus ange- fordert, wo es meist als \u201eWasserpuffer\u201c bei L\u00f6scharbeiten dient.<br>Der Gro\u00dfteil unserer Bev\u00f6lkerung wird es aber durch die Nutzwasserversorgung im Gemeindegebiet kennen.<\/p>\n\n\n\n<hr class=\"wp-block-separator\"\/>\n\n\n\n<div class=\"wp-block-image\"><figure class=\"aligncenter size-large\"><img decoding=\"async\" width=\"485\" height=\"316\" data-src=\"https:\/\/www.ff-rappoltenkirchen.at\/wp-content\/uploads\/2021\/03\/hlf2.png\" alt=\"\" class=\"wp-image-695 lazyload\" data-srcset=\"https:\/\/www.ff-rappoltenkirchen.at\/wp-content\/uploads\/2021\/03\/hlf2.png 485w, https:\/\/www.ff-rappoltenkirchen.at\/wp-content\/uploads\/2021\/03\/hlf2-300x195.png 300w\" data-sizes=\"(max-width: 485px) 100vw, 485px\" src=\"data:image\/svg+xml;base64,PHN2ZyB3aWR0aD0iMSIgaGVpZ2h0PSIxIiB4bWxucz0iaHR0cDovL3d3dy53My5vcmcvMjAwMC9zdmciPjwvc3ZnPg==\" style=\"--smush-placeholder-width: 485px; --smush-placeholder-aspect-ratio: 485\/316;\" \/><figcaption><strong>HLFA 2<\/strong><\/figcaption><\/figure><\/div>\n\n\n\n<p class=\"has-text-align-center\"><strong>Hilfe-Leistungs-Fahrzeug mit Allrad<\/strong><\/p>\n\n\n\n<p class=\"has-text-align-center\">Unser gro\u00dfer Allrounder und unser j\u00fcngs- tes Fahrzeug.<br>Es hat wie das KLF Ausr\u00fcstung f\u00fcr den Tech- nischen \u2013 und Brandeinsatz verbaut. Weiters verf\u00fcgt es noch \u00fcber einen 2000 Liter Wassertank, eine Einbaupumpe, einen hydraulischen Bergesatz, eine Stra\u00dfen- waschanlage, eine Seilwinde uvm.<\/p>\n\n\n\n<p class=\"has-text-align-center\">Dieses Fahrzeug f\u00e4hrt zu all unseren Eins\u00e4tzen aus.<\/p>\n","protected":false},"excerpt":{"rendered":"<p>Mannschafts-Transport-Fahrzeug Wie der Name schon sagt, dient es zum Transport der Mannschaft zu Eins\u00e4tzen, Be- werben oder diversen Veranstaltungen.Es wird auch f\u00fcr die Jugend stark genutzt, um zum Beispiel auf Jugendlager oder Be- werbe&#46;&#46;&#46;<\/p>\n","protected":false},"author":1,"featured_media":0,"parent":0,"menu_order":0,"comment_status":"closed","ping_status":"closed","template":"","meta":{"footnotes":""},"class_list":["post-367","page","type-page","status-publish","hentry"],"_links":{"self":[{"href":"https:\/\/www.ff-rappoltenkirchen.at\/index.php?rest_route=\/wp\/v2\/pages\/367","targetHints":{"allow":["GET"]}}],"collection":[{"href":"https:\/\/www.ff-rappoltenkirchen.at\/index.php?rest_route=\/wp\/v2\/pages"}],"about":[{"href":"https:\/\/www.ff-rappoltenkirchen.at\/index.php?rest_route=\/wp\/v2\/types\/page"}],"author":[{"embeddable":true,"href":"https:\/\/www.ff-rappoltenkirchen.at\/index.php?rest_route=\/wp\/v2\/users\/1"}],"replies":[{"embeddable":true,"href":"https:\/\/www.ff-rappoltenkirchen.at\/index.php?rest_route=%2Fwp%2Fv2%2Fcomments&post=367"}],"version-history":[{"count":3,"href":"https:\/\/www.ff-rappoltenkirchen.at\/index.php?rest_route=\/wp\/v2\/pages\/367\/revisions"}],"predecessor-version":[{"id":707,"href":"https:\/\/www.ff-rappoltenkirchen.at\/index.php?rest_route=\/wp\/v2\/pages\/367\/revisions\/707"}],"wp:attachment":[{"href":"https:\/\/www.ff-rappoltenkirchen.at\/index.php?rest_route=%2Fwp%2Fv2%2Fmedia&parent=367"}],"curies":[{"name":"wp","href":"https:\/\/api.w.org\/{rel}","templated":true}]}}