{"id":665,"date":"2021-03-08T14:08:18","date_gmt":"2021-03-08T13:08:18","guid":{"rendered":"https:\/\/www.ff-rappoltenkirchen.at\/?page_id=665"},"modified":"2021-03-08T16:09:24","modified_gmt":"2021-03-08T15:09:24","slug":"warum-eigentlich-spenden","status":"publish","type":"page","link":"https:\/\/www.ff-rappoltenkirchen.at\/?page_id=665","title":{"rendered":"Warum eigentlich Spenden?"},"content":{"rendered":"\n<p>Das ist wohl eine gute Frage. Die Feuerwehr Rappoltenkirchen ist, wie die meisten Feuerwehren in \u00d6sterreich, eine Freiwillige Feuerwehr. Sie besteht aus zahlreichen Bewohnern des Ortes , die \u2013 freiwillig und somit unbezahlt \u2013 f\u00fcr das Wohl aller anderen sorgen und in Not geratenen Menschen helfen.<\/p>\n\n\n\n<p>Die Freiwillige Feuerwehr ist eine K\u00f6rperschaft \u00f6ffentlichen Rechts und ist daher verpflichtet sich an gesetzliche Bestimmungen zu halten. So wird z.B. Schutzbekleidungsstandard oder Mindestausr\u00fcstung vorgeschrieben. Unsere Ausr\u00fcstung wird auch regelm\u00e4\u00dfig gewartet und \u00fcberpr\u00fcft. Einige Ausr\u00fcstungsgegenst\u00e4nde (Helme, Gurte\u2026) haben sogar eine begrenzte Gebrauchsdauer und m\u00fcssen alleine aus diesem Grund erneuert werden.<\/p>\n\n\n\n<p>Die Anforderungen an die Feuerwehr und auch die technischen Ger\u00e4te haben sich sehr ver\u00e4ndert. Ohne modernste technische Ausr\u00fcstung kann einerseits der Einsatz nicht mehr positiv erledigt und andererseits der pers\u00f6nliche Schutz der Feuerwehrkameraden nicht ausreichend gew\u00e4hrleistet werden.<\/p>\n\n\n\n<p>Was es bedeutet Feuerwehrfrau\/Feuerwehrmann zu sein ist leicht erkl\u00e4rt. Wir Feuerwehrkameraden sind zu jeder Tages- und Nachtzeit, an jedem Tag der Woche (also auch am Wochenende) bereit unentgeltlich zu helfen. Um es uns auch in Zukunft zu erm\u00f6glichen, unseren Mitmenschen \u2013 und vielleicht auch einmal Ihnen \u2013 optimal helfen zu k\u00f6nnen, ben\u00f6tigen wir Ihre Spenden, damit wir notwendige Ausr\u00fcstung und Fahrzeuge ankaufen k\u00f6nnen.<\/p>\n\n\n\n<p>Wir sind zur jeder Zeit bereit, f\u00fcr Sie durchs Feuer zu gehen und auch unsere Gesundheit zu riskieren &#8211; um Ihnen zu helfen!!<\/p>\n\n\n\n<p>Wir hoffen, dass auch Sie bereit sind, unsere Gefahr zu verringern, indem Sie uns durch Ihre Spende beim Ankauf erforderlicher Rettungsger\u00e4te unterst\u00fctzen.<\/p>\n\n\n\n<blockquote class=\"wp-block-quote is-style-large is-layout-flow wp-block-quote-is-layout-flow\"><p><strong>Bankverbindung:<\/strong><\/p><p>Freiwillige Feuerwehr Rappoltenkirchen<\/p><p>AT66 3288 0000 0241 4548<\/p><\/blockquote>\n\n\n\n<h2 class=\"wp-block-heading\">Spendenbest\u00e4tigung<\/h2>\n\n\n\n<p>Nat\u00fcrlich stellt Ihnen die Feuerwehr auf Verlangen eine Spendenquittung aus. Sie k\u00f6nnen seit Anfang 2012 als Privatperson Spenden an die Freiwillige Feuerwehr beim Finanzamt steuerlich melden.<\/p>\n\n\n\n<ul class=\"wp-block-list\"><li>Es sind Spenden beg\u00fcnstigt, die ab dem 1. J\u00e4nner 2012 gegeben werden (ma\u00dfgeblich Valutatag).<\/li><li>Es sind nur Spenden an Freiwillige Feuerwehren und Landesfeuerwehrverb\u00e4nde beg\u00fcnstigt.<\/li><li>Nicht beg\u00fcnstigt sind Spenden an Betriebsfeuerwehren (auch wenn freiwillig) und Berufsfeuerwehren.<\/li><li>Ebenso nicht beg\u00fcnstigt sind Spenden an nahe stehende Vereine (Kameradschaftsvereine, Museumsverein u.\u00e4.).<\/li><li>Unterabschnittskommandanten, Abschnittsfeuerwehrkommanden oder Bezirksfeuerwehrkommanden sind Teile (Untergliederungen) des Landesfeuerwehrverbandes und demnach ebenfalls spendenbeg\u00fcnstigte Empf\u00e4nger.<\/li><li>Der Spender kann w\u00e4hrend eines Kalenderjahres bis zu 10% seines Einkommens des Vorjahres (Netto nach Abzug Sozialversicherung, sonstiger Werbungskosten und Sonderausgaben, aber vor Abzug von Lohn-\u00ad und Einkommensteuer) steuerbeg\u00fcnstigt spenden. In diese 10% sind jedoch alle&nbsp;Spenden an spendenbeg\u00fcnstigte Organisationen zusammen zu rechnen.<\/li><li>Dem Spender ist eine Spendenquittung auszustellen, welche dieser auf Verlangen dem Finanzamt vorzulegen hat.<\/li><\/ul>\n","protected":false},"excerpt":{"rendered":"<p>Das ist wohl eine gute Frage. Die Feuerwehr Rappoltenkirchen ist, wie die meisten Feuerwehren in \u00d6sterreich, eine Freiwillige Feuerwehr. Sie besteht aus zahlreichen Bewohnern des Ortes , die \u2013 freiwillig und somit unbezahlt \u2013&#46;&#46;&#46;<\/p>\n","protected":false},"author":1,"featured_media":0,"parent":0,"menu_order":0,"comment_status":"closed","ping_status":"closed","template":"","meta":{"footnotes":""},"class_list":["post-665","page","type-page","status-publish","hentry"],"_links":{"self":[{"href":"https:\/\/www.ff-rappoltenkirchen.at\/index.php?rest_route=\/wp\/v2\/pages\/665","targetHints":{"allow":["GET"]}}],"collection":[{"href":"https:\/\/www.ff-rappoltenkirchen.at\/index.php?rest_route=\/wp\/v2\/pages"}],"about":[{"href":"https:\/\/www.ff-rappoltenkirchen.at\/index.php?rest_route=\/wp\/v2\/types\/page"}],"author":[{"embeddable":true,"href":"https:\/\/www.ff-rappoltenkirchen.at\/index.php?rest_route=\/wp\/v2\/users\/1"}],"replies":[{"embeddable":true,"href":"https:\/\/www.ff-rappoltenkirchen.at\/index.php?rest_route=%2Fwp%2Fv2%2Fcomments&post=665"}],"version-history":[{"count":2,"href":"https:\/\/www.ff-rappoltenkirchen.at\/index.php?rest_route=\/wp\/v2\/pages\/665\/revisions"}],"predecessor-version":[{"id":683,"href":"https:\/\/www.ff-rappoltenkirchen.at\/index.php?rest_route=\/wp\/v2\/pages\/665\/revisions\/683"}],"wp:attachment":[{"href":"https:\/\/www.ff-rappoltenkirchen.at\/index.php?rest_route=%2Fwp%2Fv2%2Fmedia&parent=665"}],"curies":[{"name":"wp","href":"https:\/\/api.w.org\/{rel}","templated":true}]}}